{"id":206,"date":"2022-04-14T15:26:44","date_gmt":"2022-04-14T15:26:44","guid":{"rendered":"https:\/\/focuscentralamerica.org\/politica-de-privacidad-y-terminos\/"},"modified":"2022-05-03T18:04:57","modified_gmt":"2022-05-03T18:04:57","slug":"politica-de-privacidad-y-terminos","status":"publish","type":"page","link":"https:\/\/www.focuscentralamerica.org\/es\/politica-de-privacidad-y-terminos\/","title":{"rendered":"Pol\u00edtica de privacidad y t\u00e9rminos de uso"},"content":{"rendered":"\n<h2 class=\"wp-block-heading\">T\u00e9rminos y condiciones de uso del sitio web<\/h2>\n\n<h3 class=\"wp-block-heading\">1. T\u00e9rminos<\/h3>\n\n<p>Al acceder a este sitio web, acepta estar sujeto a estos T\u00e9rminos y condiciones de uso del sitio web, todas las leyes y regulaciones aplicables, y acepta que es responsable del cumplimiento de las leyes locales aplicables. Si no est\u00e1 de acuerdo con alguno de estos t\u00e9rminos, tiene prohibido usar o acceder a este sitio. Los materiales contenidos en este sitio web est\u00e1n protegidos por las leyes aplicables de derechos de autor y marcas registradas.<\/p>\n\n<h3 class=\"wp-block-heading\">2. Licencia de uso<\/h3>\n\n<p>Se otorga permiso para descargar temporalmente una copia de los materiales (informaci\u00f3n o software) en el sitio web de Focus for Health Foundation solo para visualizaci\u00f3n transitoria personal y no comercial. Esta es la concesi\u00f3n de una licencia, no una transferencia de t\u00edtulo, y bajo esta licencia no puede: modificar o copiar los materiales; usar los materiales para cualquier prop\u00f3sito comercial o para cualquier exhibici\u00f3n p\u00fablica (comercial o no comercial); intentar descompilar o aplicar ingenier\u00eda inversa a cualquier software contenido en el sitio web de Focus for Health Foundation; eliminar cualquier derecho de autor u otras anotaciones de propiedad de los materiales; o transferir los materiales a otra persona o \u00abduplicar\u00bb los materiales en cualquier otro servidor. Esta licencia terminar\u00e1 autom\u00e1ticamente si viola cualquiera de estas restricciones y Focus for Health Foundation puede cancelarla en cualquier momento. Al finalizar la visualizaci\u00f3n de estos materiales o al finalizar esta licencia, debe destruir cualquier material descargado que tenga en su poder, ya sea en formato electr\u00f3nico o impreso.<\/p>\n\n<h3 class=\"wp-block-heading\">3. Descargo de responsabilidad<\/h3>\n\n<p>Los materiales en el sitio web de Focus for Health Foundation se proporcionan \u00abtal cual\u00bb. Focus for Health Foundation no ofrece garant\u00edas, expresas o impl\u00edcitas, y por la presente renuncia y niega todas las dem\u00e1s garant\u00edas, incluidas, entre otras, garant\u00edas impl\u00edcitas o condiciones de comerciabilidad, idoneidad para un prop\u00f3sito particular o no infracci\u00f3n de propiedad intelectual u otra violaci\u00f3n de derechos . Adem\u00e1s, Focus for Health Foundation no garantiza ni hace ninguna representaci\u00f3n con respecto a la precisi\u00f3n, los resultados probables o la confiabilidad del uso de los materiales en su sitio web de Internet o en relaci\u00f3n con dichos materiales o en cualquier sitio vinculado a este sitio.<\/p>\n\n<p>RENUNCIA DE RESPONSABILIDAD M\u00c9DICA<\/p>\n\n<p>Todos los textos, im\u00e1genes, gr\u00e1ficos y enlaces en este sitio web se proporcionan \u00fanicamente con fines informativos, no son consejos m\u00e9dicos y son subjetivos y reflejan las opiniones personales de los fundadores, la junta, el personal y los consultores de Focus for Health Foundation, Inc. Ni este sitio web ni Focus for Health Foundation, Inc., sus fundadores, la junta, el personal y los consultores intentan brindar asesoramiento m\u00e9dico bajo ninguna circunstancia. No debe confiar en ninguna informaci\u00f3n de este sitio como alternativa al consejo m\u00e9dico de su m\u00e9dico. Nunca retrase o evite buscar consejo m\u00e9dico, ignore dicho consejo, ni se someta o interrumpa el tratamiento m\u00e9dico para ning\u00fan miembro de su familia debido a la informaci\u00f3n aqu\u00ed. Focus for Health Foundation, Inc., sus fundadores, la junta, los consultores y su personal no son responsables de que usted busque o evite cualquier curso de tratamiento debido a la informaci\u00f3n, los servicios o los productos que ve, obtiene de o debido a este sitio. Adem\u00e1s, ninguno de los recursos de terceros accesibles a trav\u00e9s de enlaces desde este sitio, o a los que accede debido a la informaci\u00f3n en este sitio, est\u00e1n bajo el control directo o indirecto de Focus for Health Foundation, Inc., sus fundadores, junta, consultores o personal. Por lo tanto, no asumimos ninguna responsabilidad por el contenido en l\u00ednea de ning\u00fan recurso vinculado ao desde, o discutido aqu\u00ed de alguna manera. Todos los textos, im\u00e1genes, gr\u00e1ficos, enlaces e informaci\u00f3n en este sitio se proporcionan sin ninguna representaci\u00f3n o garant\u00eda, expresa o impl\u00edcita por parte de Focus for Health Foundation Inc., sus fundadores, junta directiva y personal, y est\u00e1n sujetos a cambios sin previo aviso. Al hacer clic en cualquiera de los enlaces o p\u00e1ginas, usted acepta que ha le\u00eddo, comprende y est\u00e1 de acuerdo con este aviso legal.<\/p>\n\n<h3 class=\"wp-block-heading\">4. Limitaciones<\/h3>\n\n<p>En ning\u00fan caso, Focus for Health Foundation o sus proveedores ser\u00e1n responsables de los da\u00f1os (incluidos, entre otros, los da\u00f1os por p\u00e9rdida de datos o ganancias, o debido a la interrupci\u00f3n del negocio) que surjan del uso o la imposibilidad de usar los materiales de Focus. el sitio de Internet de Focus for Health Foundation, incluso si Focus for Health Foundation o un representante autorizado de Focus for Health Foundation ha sido notificado verbalmente o por escrito de la posibilidad de tal da\u00f1o. Debido a que algunas jurisdicciones no permiten limitaciones en las garant\u00edas impl\u00edcitas o limitaciones de responsabilidad por da\u00f1os consecuentes o incidentales, es posible que estas limitaciones no se apliquen a usted.<\/p>\n\n<h3 class=\"wp-block-heading\">5. Revisiones y Erratas<\/h3>\n\n<p>Los materiales que aparecen en el sitio web de Focus for Health Foundation pueden incluir errores t\u00e9cnicos, tipogr\u00e1ficos o fotogr\u00e1ficos. Focus for Health Foundation no garantiza que ninguno de los materiales en su sitio web sea preciso, completo o actual. Focus for Health Foundation puede hacer cambios a los materiales contenidos en su sitio web en cualquier momento sin previo aviso. Sin embargo, Focus for Health Foundation no se compromete a actualizar los materiales.<\/p>\n\n<h3 class=\"wp-block-heading\">6. Enlaces<\/h3>\n\n<p>Focus for Health Foundation no ha revisado todos los sitios vinculados a su sitio web de Internet y no es responsable del contenido de dichos sitios vinculados. La inclusi\u00f3n de cualquier enlace no implica aprobaci\u00f3n por parte de Focus for Health Foundation del sitio. El uso de cualquier sitio web vinculado es bajo el propio riesgo del usuario.<\/p>\n\n<h3 class=\"wp-block-heading\">7. Modificaciones de los T\u00e9rminos de uso del sitio<\/h3>\n\n<p>Focus for Health Foundation puede revisar estos t\u00e9rminos de uso de su sitio web en cualquier momento sin previo aviso. Al usar este sitio web, usted acepta estar sujeto a la versi\u00f3n actual de estos T\u00e9rminos y condiciones de uso.<\/p>\n\n<h3 class=\"wp-block-heading\">8. Ley aplicable<\/h3>\n\n<p>Cualquier reclamo relacionado con el sitio web de Focus for Health Foundation se regir\u00e1 por las leyes del estado de Nueva Jersey sin tener en cuenta las disposiciones sobre conflictos de leyes. T\u00e9rminos y Condiciones Generales aplicables al Uso de un Sitio Web.<\/p>\n\n<h3 class=\"wp-block-heading\">Pol\u00edtica de privacidad<\/h3>\n\n<p>Su privacidad es muy importante para nosotros. En consecuencia, hemos desarrollado esta Pol\u00edtica para que comprenda c\u00f3mo recopilamos, usamos, comunicamos, divulgamos y hacemos uso de la informaci\u00f3n personal.<\/p>\n\n<p>A continuaci\u00f3n se describe nuestra pol\u00edtica de privacidad.<\/p>\n\n<ul class=\"wp-block-list\"><li>Antes o en el momento de recopilar informaci\u00f3n personal, identificaremos los prop\u00f3sitos para los cuales se recopila la informaci\u00f3n.<\/li><li>Recopilaremos y utilizaremos informaci\u00f3n personal \u00fanicamente con el objetivo de cumplir los fines especificados por nosotros y para otros fines compatibles, a menos que obtengamos el consentimiento de la persona en cuesti\u00f3n o seg\u00fan lo exija la ley.<\/li><li>Solo conservaremos la informaci\u00f3n personal durante el tiempo que sea necesario para el cumplimiento de esos fines. Recopilaremos informaci\u00f3n personal por medios legales y justos y, cuando corresponda, con el conocimiento o consentimiento de la persona en cuesti\u00f3n.<\/li><li>Los datos personales deben ser relevantes para los fines para los que se utilizar\u00e1n y, en la medida necesaria para esos fines, deben ser precisos, completos y actualizados.<\/li><li>Protegeremos la informaci\u00f3n personal mediante medidas de seguridad razonables contra p\u00e9rdida o robo, as\u00ed como acceso, divulgaci\u00f3n, copia, uso o modificaci\u00f3n no autorizados.<\/li><li>Pondremos a disposici\u00f3n de los clientes informaci\u00f3n sobre nuestras pol\u00edticas y pr\u00e1cticas relacionadas con la gesti\u00f3n de informaci\u00f3n personal.<\/li><\/ul>\n\n<p>Estamos comprometidos a llevar a cabo nuestro negocio de acuerdo con estos principios para garantizar que se proteja y mantenga la confidencialidad de la informaci\u00f3n personal.<\/p>\n","protected":false},"excerpt":{"rendered":"<p>T\u00e9rminos y condiciones de uso del sitio web 1. T\u00e9rminos Al acceder a este sitio web, acepta estar sujeto a estos T\u00e9rminos y condiciones de uso del sitio web, todas las leyes y regulaciones aplicables, y acepta que es responsable del cumplimiento de las leyes locales aplicables. Si no est\u00e1 de acuerdo con alguno de [&hellip;]<\/p>\n","protected":false},"author":1,"featured_media":0,"parent":0,"menu_order":0,"comment_status":"closed","ping_status":"closed","template":"","meta":{"_acf_changed":false,"inline_featured_image":false,"footnotes":""},"class_list":["post-206","page","type-page","status-publish","hentry"],"acf":[],"_links":{"self":[{"href":"https:\/\/www.focuscentralamerica.org\/es\/wp-json\/wp\/v2\/pages\/206","targetHints":{"allow":["GET"]}}],"collection":[{"href":"https:\/\/www.focuscentralamerica.org\/es\/wp-json\/wp\/v2\/pages"}],"about":[{"href":"https:\/\/www.focuscentralamerica.org\/es\/wp-json\/wp\/v2\/types\/page"}],"author":[{"embeddable":true,"href":"https:\/\/www.focuscentralamerica.org\/es\/wp-json\/wp\/v2\/users\/1"}],"replies":[{"embeddable":true,"href":"https:\/\/www.focuscentralamerica.org\/es\/wp-json\/wp\/v2\/comments?post=206"}],"version-history":[{"count":0,"href":"https:\/\/www.focuscentralamerica.org\/es\/wp-json\/wp\/v2\/pages\/206\/revisions"}],"wp:attachment":[{"href":"https:\/\/www.focuscentralamerica.org\/es\/wp-json\/wp\/v2\/media?parent=206"}],"curies":[{"name":"wp","href":"https:\/\/api.w.org\/{rel}","templated":true}]}}